{"id":3729,"date":"2024-05-13T07:51:05","date_gmt":"2024-05-13T07:51:05","guid":{"rendered":"https:\/\/rauchemedical.me\/?page_id=3729"},"modified":"2024-12-11T20:05:53","modified_gmt":"2024-12-11T20:05:53","slug":"services","status":"publish","type":"page","link":"https:\/\/rauchemedical.me\/en\/services\/","title":{"rendered":"Services"},"content":{"rendered":"\t\t<div data-elementor-type=\"wp-page\" data-elementor-id=\"3729\" class=\"elementor elementor-3729\">\n\t\t\t\t<div class=\"elementor-element elementor-element-3392e5b e-flex e-con-boxed e-con e-parent\" data-id=\"3392e5b\" data-element_type=\"container\" data-e-type=\"container\" data-settings=\"{&quot;background_background&quot;:&quot;classic&quot;}\">\n\t\t\t\t\t<div class=\"e-con-inner\">\n\t\t<div class=\"elementor-element elementor-element-146066d e-con-full e-flex e-con e-child\" data-id=\"146066d\" data-element_type=\"container\" data-e-type=\"container\">\n\t\t\t\t<div class=\"elementor-element elementor-element-f40e5fa elementor-widget elementor-widget-wellson_hero_title\" data-id=\"f40e5fa\" data-element_type=\"widget\" data-e-type=\"widget\" data-widget_type=\"wellson_hero_title.default\">\n\t\t\t\t<div class=\"elementor-widget-container\">\n\t\t\t\t\t    \n\t    \n    <div class=\"sec-title centred wellson-title-wrap\">\n        \t\t<span class=\"sub-title te-bn-subtitle\">Rauch\u00e9 Medical <\/span>                \t\t<h2 class=\"te-bn-title wellson-size-default\">Our Services<\/h2>        \t\t        <div class=\"te-bn-text\">\n            <p><p>In RAUCH\u00c9 MEDICAL d.o.o. Podgorica we managed to master wide range of our services such as registration of medical devices, market research and<br \/>price analysis and notification about public procurements.<\/p><\/p>\n        <\/div>\n            <\/div>\n    \n    \n        \t\t\t\t<\/div>\n\t\t\t\t<\/div>\n\t\t\t\t<\/div>\n\t\t<div class=\"elementor-element elementor-element-7c8b733 e-con-full e-flex e-con e-child\" data-id=\"7c8b733\" data-element_type=\"container\" data-e-type=\"container\">\n\t\t\t\t<div class=\"elementor-element elementor-element-171b833 elementor-widget elementor-widget-wellson_service_grid\" data-id=\"171b833\" data-element_type=\"widget\" data-e-type=\"widget\" data-widget_type=\"wellson_service_grid.default\">\n\t\t\t\t<div class=\"elementor-widget-container\">\n\t\t\t\t\t    \n        \n    <!-- service-section -->\n    <section class=\"feature-style-three centred bn-service-grid p-0 m-0\">        \n        <div class=\"row clearfix\">\n                        <div class=\"col-lg-4 col-md-6 col-sm-12 feature-block\">\n                <div class=\"feature-block-two wellson-service\">\n                    <div class=\"inner-box\">                        \n                        <div class=\"icon-box\"><i class=\"fa fa-notes-medical\"><\/i><\/div>\n                        <h3><a href=\"https:\/\/rauchemedical.me\/en\/service\/registration-of-medical-devices\/\" class=\"bn-service-title\">Registration of medical devices<\/a><\/h3>\n                        <p class=\"bn-service-text\">\u00a0At Rauche Medical Montenegro, we understand that launching medical devices can be challenging. Our expert team&hellip;<\/p>\n                    <\/div>\n                <\/div>\n            <\/div>\n                        <div class=\"col-lg-4 col-md-6 col-sm-12 feature-block\">\n                <div class=\"feature-block-two wellson-service\">\n                    <div class=\"inner-box\">                        \n                        <div class=\"icon-box\"><i class=\"fa fa-fingerprint\"><\/i><\/div>\n                        <h3><a href=\"https:\/\/rauchemedical.me\/en\/service\/market-research\/\" class=\"bn-service-title\">Market research<\/a><\/h3>\n                        <p class=\"bn-service-text\">Market research for medical products involves gathering and analyzing data to understand the healthcare landscape, identify&hellip;<\/p>\n                    <\/div>\n                <\/div>\n            <\/div>\n                        <div class=\"col-lg-4 col-md-6 col-sm-12 feature-block\">\n                <div class=\"feature-block-two wellson-service\">\n                    <div class=\"inner-box\">                        \n                        <div class=\"icon-box\"><i class=\"fa fa-envelope\"><\/i><\/div>\n                        <h3><a href=\"https:\/\/rauchemedical.me\/en\/service\/public-procurements\/\" class=\"bn-service-title\">Public procurements<\/a><\/h3>\n                        <p class=\"bn-service-text\">Monitoring public procurement procedures and informing clients about tenders for products in their portfolio, analyzing bidding&hellip;<\/p>\n                    <\/div>\n                <\/div>\n            <\/div>\n                \t<\/div>\n    <\/section>\n       \n        \t\t\t\t<\/div>\n\t\t\t\t<\/div>\n\t\t\t\t<\/div>\n\t\t\t\t\t<\/div>\n\t\t\t\t<\/div>\n\t\t\t\t<\/div>\n\t\t","protected":false},"excerpt":{"rendered":"<p>Rauch\u00e9 Medical Our Services In RAUCH\u00c9 MEDICAL d.o.o. Podgorica we managed to master wide range of our services such as registration of medical devices, market research andprice analysis and notification about public procurements. Registracija medicinskih proizvoda U Rauche Medical Montenegro razumijemo da lansiranje medicinskih proizvoda mo\u017ee biti izazovno. Na\u0161 stru\u010dni tim pru\u017ea&hellip; Istra\u017eivanje tr\u017ei\u0161ta Istra\u017eivanje [&hellip;]<\/p>\n","protected":false},"author":1,"featured_media":0,"parent":0,"menu_order":0,"comment_status":"closed","ping_status":"closed","template":"tpl-default-elementor.php","meta":{"inline_featured_image":false,"footnotes":""},"class_list":["post-3729","page","type-page","status-publish","hentry"],"yoast_head":"<!-- This site is optimized with the Yoast SEO plugin v27.5 - https:\/\/yoast.com\/product\/yoast-seo-wordpress\/ -->\n<title>Services - Rauch\u00e9 Medical<\/title>\n<meta name=\"description\" content=\"RAUCH\u00c9 MEDICAL d.o.o. Montenegro is a specialized company for market research of medical products and equipment, consulting on business operations in the medical products market, and services related to the registration of medical products and manufacturers\" \/>\n<meta name=\"robots\" content=\"index, follow, max-snippet:-1, max-image-preview:large, max-video-preview:-1\" \/>\n<link rel=\"canonical\" href=\"https:\/\/rauchemedical.me\/en\/services\/\" \/>\n<meta property=\"og:locale\" content=\"en_US\" \/>\n<meta property=\"og:type\" content=\"article\" \/>\n<meta property=\"og:title\" content=\"Services - Rauch\u00e9 Medical\" \/>\n<meta property=\"og:description\" content=\"RAUCH\u00c9 MEDICAL d.o.o. Montenegro is a specialized company for market research of medical products and equipment, consulting on business operations in the medical products market, and services related to the registration of medical products and manufacturers\" \/>\n<meta property=\"og:url\" content=\"https:\/\/rauchemedical.me\/en\/services\/\" \/>\n<meta property=\"og:site_name\" content=\"Rauch\u00e9 Medical\" \/>\n<meta property=\"article:modified_time\" content=\"2024-12-11T20:05:53+00:00\" \/>\n<meta name=\"twitter:card\" content=\"summary_large_image\" \/>\n<meta name=\"twitter:label1\" content=\"Est. reading time\" \/>\n\t<meta name=\"twitter:data1\" content=\"1 minute\" \/>\n<script type=\"application\/ld+json\" class=\"yoast-schema-graph\">{\"@context\":\"https:\\\/\\\/schema.org\",\"@graph\":[{\"@type\":\"WebPage\",\"@id\":\"https:\\\/\\\/rauchemedical.me\\\/en\\\/services\\\/\",\"url\":\"https:\\\/\\\/rauchemedical.me\\\/en\\\/services\\\/\",\"name\":\"Services - Rauch\u00e9 Medical\",\"isPartOf\":{\"@id\":\"https:\\\/\\\/rauchemedical.me\\\/en\\\/#website\"},\"datePublished\":\"2024-05-13T07:51:05+00:00\",\"dateModified\":\"2024-12-11T20:05:53+00:00\",\"description\":\"RAUCH\u00c9 MEDICAL d.o.o. Montenegro is a specialized company for market research of medical products and equipment, consulting on business operations in the medical products market, and services related to the registration of medical products and manufacturers\",\"breadcrumb\":{\"@id\":\"https:\\\/\\\/rauchemedical.me\\\/en\\\/services\\\/#breadcrumb\"},\"inLanguage\":\"en-US\",\"potentialAction\":[{\"@type\":\"ReadAction\",\"target\":[\"https:\\\/\\\/rauchemedical.me\\\/en\\\/services\\\/\"]}]},{\"@type\":\"BreadcrumbList\",\"@id\":\"https:\\\/\\\/rauchemedical.me\\\/en\\\/services\\\/#breadcrumb\",\"itemListElement\":[{\"@type\":\"ListItem\",\"position\":1,\"name\":\"Home\",\"item\":\"https:\\\/\\\/rauchemedical.me\\\/en\\\/\"},{\"@type\":\"ListItem\",\"position\":2,\"name\":\"Services\"}]},{\"@type\":\"WebSite\",\"@id\":\"https:\\\/\\\/rauchemedical.me\\\/en\\\/#website\",\"url\":\"https:\\\/\\\/rauchemedical.me\\\/en\\\/\",\"name\":\"Rauch\u00e9 Medical Montenegro\",\"description\":\"Commitment for Life\",\"publisher\":{\"@id\":\"https:\\\/\\\/rauchemedical.me\\\/en\\\/#organization\"},\"alternateName\":\"Rauch\u00e9medical Montenegro\",\"potentialAction\":[{\"@type\":\"SearchAction\",\"target\":{\"@type\":\"EntryPoint\",\"urlTemplate\":\"https:\\\/\\\/rauchemedical.me\\\/en\\\/?s={search_term_string}\"},\"query-input\":{\"@type\":\"PropertyValueSpecification\",\"valueRequired\":true,\"valueName\":\"search_term_string\"}}],\"inLanguage\":\"en-US\"},{\"@type\":\"Organization\",\"@id\":\"https:\\\/\\\/rauchemedical.me\\\/en\\\/#organization\",\"name\":\"Rauch\u00e9 Medical Montenegro\",\"alternateName\":\"Rauch\u00e9 Medical Montenegro\",\"url\":\"https:\\\/\\\/rauchemedical.me\\\/en\\\/\",\"logo\":{\"@type\":\"ImageObject\",\"inLanguage\":\"en-US\",\"@id\":\"https:\\\/\\\/rauchemedical.me\\\/en\\\/#\\\/schema\\\/logo\\\/image\\\/\",\"url\":\"https:\\\/\\\/rauchemedical.me\\\/wp-content\\\/uploads\\\/2024\\\/10\\\/rauche-thumbnail.png\",\"contentUrl\":\"https:\\\/\\\/rauchemedical.me\\\/wp-content\\\/uploads\\\/2024\\\/10\\\/rauche-thumbnail.png\",\"width\":475,\"height\":455,\"caption\":\"Rauch\u00e9 Medical Montenegro\"},\"image\":{\"@id\":\"https:\\\/\\\/rauchemedical.me\\\/en\\\/#\\\/schema\\\/logo\\\/image\\\/\"}}]}<\/script>\n<!-- \/ Yoast SEO plugin. -->","yoast_head_json":{"title":"Services - Rauch\u00e9 Medical","description":"RAUCH\u00c9 MEDICAL d.o.o. Montenegro is a specialized company for market research of medical products and equipment, consulting on business operations in the medical products market, and services related to the registration of medical products and manufacturers","robots":{"index":"index","follow":"follow","max-snippet":"max-snippet:-1","max-image-preview":"max-image-preview:large","max-video-preview":"max-video-preview:-1"},"canonical":"https:\/\/rauchemedical.me\/en\/services\/","og_locale":"en_US","og_type":"article","og_title":"Services - Rauch\u00e9 Medical","og_description":"RAUCH\u00c9 MEDICAL d.o.o. Montenegro is a specialized company for market research of medical products and equipment, consulting on business operations in the medical products market, and services related to the registration of medical products and manufacturers","og_url":"https:\/\/rauchemedical.me\/en\/services\/","og_site_name":"Rauch\u00e9 Medical","article_modified_time":"2024-12-11T20:05:53+00:00","twitter_card":"summary_large_image","twitter_misc":{"Est. reading time":"1 minute"},"schema":{"@context":"https:\/\/schema.org","@graph":[{"@type":"WebPage","@id":"https:\/\/rauchemedical.me\/en\/services\/","url":"https:\/\/rauchemedical.me\/en\/services\/","name":"Services - Rauch\u00e9 Medical","isPartOf":{"@id":"https:\/\/rauchemedical.me\/en\/#website"},"datePublished":"2024-05-13T07:51:05+00:00","dateModified":"2024-12-11T20:05:53+00:00","description":"RAUCH\u00c9 MEDICAL d.o.o. Montenegro is a specialized company for market research of medical products and equipment, consulting on business operations in the medical products market, and services related to the registration of medical products and manufacturers","breadcrumb":{"@id":"https:\/\/rauchemedical.me\/en\/services\/#breadcrumb"},"inLanguage":"en-US","potentialAction":[{"@type":"ReadAction","target":["https:\/\/rauchemedical.me\/en\/services\/"]}]},{"@type":"BreadcrumbList","@id":"https:\/\/rauchemedical.me\/en\/services\/#breadcrumb","itemListElement":[{"@type":"ListItem","position":1,"name":"Home","item":"https:\/\/rauchemedical.me\/en\/"},{"@type":"ListItem","position":2,"name":"Services"}]},{"@type":"WebSite","@id":"https:\/\/rauchemedical.me\/en\/#website","url":"https:\/\/rauchemedical.me\/en\/","name":"Rauch\u00e9 Medical Montenegro","description":"Commitment for Life","publisher":{"@id":"https:\/\/rauchemedical.me\/en\/#organization"},"alternateName":"Rauch\u00e9medical Montenegro","potentialAction":[{"@type":"SearchAction","target":{"@type":"EntryPoint","urlTemplate":"https:\/\/rauchemedical.me\/en\/?s={search_term_string}"},"query-input":{"@type":"PropertyValueSpecification","valueRequired":true,"valueName":"search_term_string"}}],"inLanguage":"en-US"},{"@type":"Organization","@id":"https:\/\/rauchemedical.me\/en\/#organization","name":"Rauch\u00e9 Medical Montenegro","alternateName":"Rauch\u00e9 Medical Montenegro","url":"https:\/\/rauchemedical.me\/en\/","logo":{"@type":"ImageObject","inLanguage":"en-US","@id":"https:\/\/rauchemedical.me\/en\/#\/schema\/logo\/image\/","url":"https:\/\/rauchemedical.me\/wp-content\/uploads\/2024\/10\/rauche-thumbnail.png","contentUrl":"https:\/\/rauchemedical.me\/wp-content\/uploads\/2024\/10\/rauche-thumbnail.png","width":475,"height":455,"caption":"Rauch\u00e9 Medical Montenegro"},"image":{"@id":"https:\/\/rauchemedical.me\/en\/#\/schema\/logo\/image\/"}}]}},"_links":{"self":[{"href":"https:\/\/rauchemedical.me\/en\/wp-json\/wp\/v2\/pages\/3729","targetHints":{"allow":["GET"]}}],"collection":[{"href":"https:\/\/rauchemedical.me\/en\/wp-json\/wp\/v2\/pages"}],"about":[{"href":"https:\/\/rauchemedical.me\/en\/wp-json\/wp\/v2\/types\/page"}],"author":[{"embeddable":true,"href":"https:\/\/rauchemedical.me\/en\/wp-json\/wp\/v2\/users\/1"}],"replies":[{"embeddable":true,"href":"https:\/\/rauchemedical.me\/en\/wp-json\/wp\/v2\/comments?post=3729"}],"version-history":[{"count":12,"href":"https:\/\/rauchemedical.me\/en\/wp-json\/wp\/v2\/pages\/3729\/revisions"}],"predecessor-version":[{"id":5280,"href":"https:\/\/rauchemedical.me\/en\/wp-json\/wp\/v2\/pages\/3729\/revisions\/5280"}],"wp:attachment":[{"href":"https:\/\/rauchemedical.me\/en\/wp-json\/wp\/v2\/media?parent=3729"}],"curies":[{"name":"wp","href":"https:\/\/api.w.org\/{rel}","templated":true}]}}